{"id":25946,"date":"2024-09-20T01:19:35","date_gmt":"2024-09-20T01:19:35","guid":{"rendered":"https:\/\/omegayacht.com\/?page_id=25946"},"modified":"2025-08-04T12:46:17","modified_gmt":"2025-08-04T12:46:17","slug":"contactez-nous","status":"publish","type":"page","link":"https:\/\/omegayacht.com\/fr\/contactez-nous\/","title":{"rendered":"Contactez-nous"},"content":{"rendered":"\t\t<div data-elementor-type=\"wp-page\" data-elementor-id=\"25946\" class=\"elementor elementor-25946 elementor-1306\" data-elementor-post-type=\"page\">\n\t\t\t\t<div class=\"elementor-element elementor-element-ee6a0e4 e-flex e-con-boxed e-con e-parent \" data-id=\"ee6a0e4\" data-element_type=\"container\" data-e-type=\"container\">\t\t\t<div class=\"e-con-inner\">\r\n\t\t<div class=\"elementor-element elementor-element-3c846f5 e-con-full e-flex e-con e-child \" data-id=\"3c846f5\" data-element_type=\"container\" data-e-type=\"container\">\t\t<div class=\"elementor-element elementor-element-d616841 elementor-widget elementor-widget-pxl_heading\" data-id=\"d616841\" data-element_type=\"widget\" data-e-type=\"widget\" data-widget_type=\"pxl_heading.default\">\n\t\t\t\t<div class=\"elementor-widget-container\">\n\t\t\t\t\t\n<div id=\"pxl-pxl_heading-d616841-8119\" class=\"pxl-heading px-sub-title-default style-default-style \">\n\t<div class=\"pxl-heading--inner\">\n\t\t\n\t\t<h3 class=\"pxl-item--title pxl-split-text style-default  highlight-default split-in-right \" data-wow-delay=\"ms\">\n\t\t\t\t\tAvez-vous un projet en t\u00eate ?\n\n\t\n\t\t\t\n\t\t<\/h3>\n\n\t<\/div>\n<\/div>\t\t\t\t<\/div>\n\t\t\t\t<\/div>\n\t\t\t\t<div class=\"elementor-element elementor-element-22e77a7 elementor-widget elementor-widget-pxl_text_editor\" data-id=\"22e77a7\" data-element_type=\"widget\" data-e-type=\"widget\" data-widget_type=\"pxl_text_editor.default\">\n\t\t\t\t<div class=\"elementor-widget-container\">\n\t\t\t\t\t<div class=\"pxl-text-editor  \">\n\t<div class=\"pxl-item--inner  \" data-wow-delay=\"ms\">\n\t\t\t<p>Contactez-nous en utilisant les coordonn\u00e9es ci-dessous ou remplissez le formulaire, et un membre de notre \u00e9quipe vous r\u00e9pondra sous peu.<\/p>\t\n\t<\/div>\n<\/div>\n\n<script>\njQuery(document).ready(function($) {\n    let $pageTitleElement = $('#pxl-page-title-elementor');\n\n    if ($pageTitleElement.length) {\n        let sgPostDesText = ``;\n        $pageTitleElement.find('.pxl-item--inner').html(sgPostDesText);\n    }\n});\n<\/script>\n\n\n\t\t\t\t<\/div>\n\t\t\t\t<\/div>\n\t\t\t\t<div class=\"elementor-element elementor-element-f6ecb2c elementor-widget elementor-widget-pxl_text_editor\" data-id=\"f6ecb2c\" data-element_type=\"widget\" data-e-type=\"widget\" data-widget_type=\"pxl_text_editor.default\">\n\t\t\t\t<div class=\"elementor-widget-container\">\n\t\t\t\t\t<div class=\"pxl-text-editor  \">\n\t<div class=\"pxl-item--inner  \" data-wow-delay=\"ms\">\n\t\t\tSi\u00e8ge social : <a href=\"https:\/\/maps.app.goo.gl\/y7AJ7RUQ4GNzjMgR9\" target=\"_blank\" rel=\"noopener\">P. Tsaldari 5, 671 00, Xanthi, Gr\u00e8ce<\/a>\n\t\n\t<\/div>\n<\/div>\n\n<script>\njQuery(document).ready(function($) {\n    let $pageTitleElement = $('#pxl-page-title-elementor');\n\n    if ($pageTitleElement.length) {\n        let sgPostDesText = ``;\n        $pageTitleElement.find('.pxl-item--inner').html(sgPostDesText);\n    }\n});\n<\/script>\n\n\n\t\t\t\t<\/div>\n\t\t\t\t<\/div>\n\t\t\t\t<div class=\"elementor-element elementor-element-69a786c elementor-widget elementor-widget-pxl_text_editor\" data-id=\"69a786c\" data-element_type=\"widget\" data-e-type=\"widget\" data-widget_type=\"pxl_text_editor.default\">\n\t\t\t\t<div class=\"elementor-widget-container\">\n\t\t\t\t\t<div class=\"pxl-text-editor  \">\n\t<div class=\"pxl-item--inner  \" data-wow-delay=\"ms\">\n\t\t\tSuccursale : <a href=\"https:\/\/maps.app.goo.gl\/kEYSZ1zCE411UQYs9\" target=\"_blank\" rel=\"noopener\">Karaiskaki 1, 652 01, Kavala, Gr\u00e8ce<\/a>\n\t\n\t<\/div>\n<\/div>\n\n<script>\njQuery(document).ready(function($) {\n    let $pageTitleElement = $('#pxl-page-title-elementor');\n\n    if ($pageTitleElement.length) {\n        let sgPostDesText = ``;\n        $pageTitleElement.find('.pxl-item--inner').html(sgPostDesText);\n    }\n});\n<\/script>\n\n\n\t\t\t\t<\/div>\n\t\t\t\t<\/div>\n\t\t\t\t<div class=\"elementor-element elementor-element-c19e249 elementor-widget elementor-widget-pxl_text_editor\" data-id=\"c19e249\" data-element_type=\"widget\" data-e-type=\"widget\" data-widget_type=\"pxl_text_editor.default\">\n\t\t\t\t<div class=\"elementor-widget-container\">\n\t\t\t\t\t<div class=\"pxl-text-editor  \">\n\t<div class=\"pxl-item--inner  \" data-wow-delay=\"ms\">\n\t\t\tEmail: <a href=\"mailto:info@omegayacht.com\">info@omegayacht.com<\/a>\n\n\n\t\n\t<\/div>\n<\/div>\n\n<script>\njQuery(document).ready(function($) {\n    let $pageTitleElement = $('#pxl-page-title-elementor');\n\n    if ($pageTitleElement.length) {\n        let sgPostDesText = ``;\n        $pageTitleElement.find('.pxl-item--inner').html(sgPostDesText);\n    }\n});\n<\/script>\n\n\n\t\t\t\t<\/div>\n\t\t\t\t<\/div>\n\t\t\t\t<div class=\"elementor-element elementor-element-8cd9248 elementor-widget elementor-widget-pxl_text_editor\" data-id=\"8cd9248\" data-element_type=\"widget\" data-e-type=\"widget\" data-widget_type=\"pxl_text_editor.default\">\n\t\t\t\t<div class=\"elementor-widget-container\">\n\t\t\t\t\t<div class=\"pxl-text-editor  \">\n\t<div class=\"pxl-item--inner  \" data-wow-delay=\"ms\">\n\t\t\tT\u00e9l\u00e9phones : <a href=\"tel:+302541306751\">+30 2541 306 751<\/a>, <a href=\"tel:+306940977750\">+30 6940 977 750<\/a>\n\t\n\t<\/div>\n<\/div>\n\n<script>\njQuery(document).ready(function($) {\n    let $pageTitleElement = $('#pxl-page-title-elementor');\n\n    if ($pageTitleElement.length) {\n        let sgPostDesText = ``;\n        $pageTitleElement.find('.pxl-item--inner').html(sgPostDesText);\n    }\n});\n<\/script>\n\n\n\t\t\t\t<\/div>\n\t\t\t\t<\/div>\n\t\t\t\t<div class=\"elementor-element elementor-element-da0cced elementor-widget elementor-widget-pxl_icon\" data-id=\"da0cced\" data-element_type=\"widget\" data-e-type=\"widget\" data-widget_type=\"pxl_icon.default\">\n\t\t\t\t<div class=\"elementor-widget-container\">\n\t\t\t\t\t    <div class=\"pxl-icon-list pxl-icon1  style-2  \" data-wow-delay=\"ms\">\r\n                                    <a class=\"elementor-repeater-item-1ab79cc   \" href=\"https:\/\/www.facebook.com\/omegayacht\" target=\"_blank\" rel=\"noopener\">\r\n                                                                <i aria-hidden=\"true\" class=\"fab fa-facebook-f\"><\/i>                                                                <\/a>\r\n                                                <a class=\"elementor-repeater-item-172a6b0   \" href=\"https:\/\/www.linkedin.com\/company\/omegayacht\" target=\"_blank\" rel=\"noopener\">\r\n                                                                <i aria-hidden=\"true\" class=\"fab fa-linkedin-in\"><\/i>                                                                <\/a>\r\n                                                <a class=\"elementor-repeater-item-8eacff5   \" href=\"https:\/\/wa.me\/+306940977750\" rel=\"noopener\">\r\n                                                                <i aria-hidden=\"true\" class=\"fab fa-whatsapp\"><\/i>                                                                <\/a>\r\n                        <\/div>\r\n    \t\t\t\t<\/div>\n\t\t\t\t<\/div>\n\t\t\t\t<\/div>\r\n\t\t<div class=\"elementor-element elementor-element-ec2ff04 e-con-full e-flex e-con e-child \" data-id=\"ec2ff04\" data-element_type=\"container\" data-e-type=\"container\">\t\t<div class=\"elementor-element elementor-element-325561c elementor-widget elementor-widget-pxl_heading\" data-id=\"325561c\" data-element_type=\"widget\" data-e-type=\"widget\" data-widget_type=\"pxl_heading.default\">\n\t\t\t\t<div class=\"elementor-widget-container\">\n\t\t\t\t\t\n<div id=\"pxl-pxl_heading-325561c-7934\" class=\"pxl-heading px-sub-title-default style-default-style \">\n\t<div class=\"pxl-heading--inner\">\n\t\t\n\t\t<h3 class=\"pxl-item--title pxl-split-text style-default  highlight-default split-in-right \" data-wow-delay=\"ms\">\n\t\t\t\t\tEnvoyez-nous un message\t\n\t\t\t\n\t\t<\/h3>\n\n\t<\/div>\n<\/div>\t\t\t\t<\/div>\n\t\t\t\t<\/div>\n\t\t\t\t<div class=\"elementor-element elementor-element-bb3828c elementor-widget elementor-widget-pxl_contact_form\" data-id=\"bb3828c\" data-element_type=\"widget\" data-e-type=\"widget\" data-widget_type=\"pxl_contact_form.default\">\n\t\t\t\t<div class=\"elementor-widget-container\">\n\t\t\t\t\t    <div class=\"pxl-contact-form pxl-contact-form1 btn-w-auto \" data-wow-delay=\"ms\">\r\n        \n<div class=\"wpcf7 no-js\" id=\"wpcf7-f26286-o1\" lang=\"en-US\" dir=\"ltr\" data-wpcf7-id=\"26286\">\n<div class=\"screen-reader-response\"><p role=\"status\" aria-live=\"polite\" aria-atomic=\"true\"><\/p> <ul><\/ul><\/div>\n<form action=\"\/fr\/wp-json\/wp\/v2\/pages\/25946#wpcf7-f26286-o1\" method=\"post\" class=\"wpcf7-form init\" aria-label=\"Contact form\" novalidate=\"novalidate\" data-status=\"init\">\n<fieldset class=\"hidden-fields-container\"><input type=\"hidden\" name=\"_wpcf7\" value=\"26286\" \/><input type=\"hidden\" name=\"_wpcf7_version\" value=\"6.1.5\" \/><input type=\"hidden\" name=\"_wpcf7_locale\" value=\"en_US\" \/><input type=\"hidden\" name=\"_wpcf7_unit_tag\" value=\"wpcf7-f26286-o1\" \/><input type=\"hidden\" name=\"_wpcf7_container_post\" value=\"0\" \/><input type=\"hidden\" name=\"_wpcf7_posted_data_hash\" value=\"\" \/>\n<\/fieldset>\n<div class=\"wrap-ctf-page wrap-form\">\n\t<div class=\"containter\">\n\t\t<div class=\"row\">\n\t\t\t<div class=\"input-filled col-xl-6 col-lg-6 col-md-6 col-sm-6 col-xs-12\">\n\t\t\t\t<p><span class=\"cm-divider wpcf7-form-control-wrap your-name\"><span class=\"wpcf7-form-control-wrap\" data-name=\"your-name\"><input size=\"40\" maxlength=\"400\" class=\"wpcf7-form-control wpcf7-text wpcf7-validates-as-required\" aria-required=\"true\" aria-invalid=\"false\" placeholder=\"Nom complet *\" value=\"\" type=\"text\" name=\"your-name\" \/><\/span><span class=\"ip-divider\"><\/span><\/span>\n\t\t\t\t<\/p>\n\t\t\t<\/div>\n\t\t\t<div class=\"input-filled col-xl-6 col-lg-6 col-md-6 col-sm-6 col-xs-12\">\n\t\t\t\t<p><span class=\"cm-divider wpcf7-form-control-wrap your-email\"><span class=\"wpcf7-form-control-wrap\" data-name=\"your-email\"><input size=\"40\" maxlength=\"400\" class=\"wpcf7-form-control wpcf7-email wpcf7-validates-as-required wpcf7-text wpcf7-validates-as-email\" aria-required=\"true\" aria-invalid=\"false\" placeholder=\"Email *\" value=\"\" type=\"email\" name=\"your-email\" \/><\/span><span class=\"ip-divider\"><\/span><\/span>\n\t\t\t\t<\/p>\n\t\t\t<\/div>\n\t\t\t<div class=\"input-filled col-xl-6 col-lg-6 col-md-12 col-sm-12 col-xs-12\">\n\t\t\t\t<p><span class=\"cm-divider wpcf7-form-control-wrap your-phone\"><span class=\"wpcf7-form-control-wrap\" data-name=\"your-phone\"><input size=\"40\" maxlength=\"400\" class=\"wpcf7-form-control wpcf7-tel wpcf7-validates-as-required wpcf7-text wpcf7-validates-as-tel\" aria-required=\"true\" aria-invalid=\"false\" placeholder=\"T\u00e9l\u00e9phone *\" value=\"\" type=\"tel\" name=\"your-phone\" \/><\/span><span class=\"ip-divider\"><\/span><\/span>\n\t\t\t\t<\/p>\n\t\t\t<\/div>\n\t\t\t<div class=\"input-filled col-xl-6 col-lg-6 col-md-12 col-sm-12 col-xs-12\">\n\t\t\t\t<p><span class=\"cm-divider wpcf7-form-control-wrap your-service\"><span class=\"wpcf7-form-control-wrap\" data-name=\"your-subject\"><input size=\"40\" maxlength=\"400\" class=\"wpcf7-form-control wpcf7-text\" aria-invalid=\"false\" placeholder=\"Objet\" value=\"\" type=\"text\" name=\"your-subject\" \/><\/span><span class=\"ip-divider\"><\/span><\/span>\n\t\t\t\t<\/p>\n\t\t\t<\/div>\n\t\t\t<div class=\"input-filled col-xl-12\">\n\t\t\t\t<p><span class=\"cm-divider wpcf7-form-control-wrap your-messeage\"><span class=\"wpcf7-form-control-wrap\" data-name=\"your-message\"><textarea cols=\"40\" rows=\"10\" maxlength=\"2000\" class=\"wpcf7-form-control wpcf7-textarea wpcf7-validates-as-required\" aria-required=\"true\" aria-invalid=\"false\" placeholder=\"Votre message...\" name=\"your-message\"><\/textarea><\/span><span class=\"ip-divider\"><\/span><\/span>\n\t\t\t\t<div class=\"wpcf7-turnstile cf-turnstile\" data-sitekey=\"0x4AAAAAACDQxTF4toDyJrsW\" data-response-field-name=\"_wpcf7_turnstile_response\"><\/div><br \/>\n<button type=\"submit\" class=\"wpcf7-submit wpcf7-btn-abs\"><br \/>\n<svg xmlns=\"http:\/\/www.w3.org\/2000\/svg\" id=\"Layer_1\" data-name=\"Layer 1\" viewBox=\"0 0 405.14 355.08\">\n\t\t\t\t\t\t<defs><style>.cls-1{fill:#fff;}<\/style><\/defs>\n\t\t\t\t\t\t<path class=\"cls-1\" d=\"M430.41,225.51,76,377.76a26.44,26.44,0,0,1-10.31,2.38c-6.87,0-13-2.66-18.24-7.93q-11.1-13.5-4.76-28.55L101.32,226.3l191.9-23.79-191.9-23.79L42.64,61.36Q36.29,45.51,47.4,32.81,59.3,20.92,76,27.26L431.2,179.51q14.28,7.14,14.28,22.21Q444.68,218.37,430.41,225.51Z\" transform=\"translate(-40.34 -25.06)\"\/>\n\t\t\t\t\t<\/svg><br \/>\n<\/button>\n\t\t\t\t<\/p>\n\t\t\t<\/div>\n\t\t<\/div>\n\t<\/div>\n<\/div><div class=\"wpcf7-response-output\" aria-hidden=\"true\"><\/div>\n<\/form>\n<\/div>\n    <\/div>\r\n\t\t\t\t<\/div>\n\t\t\t\t<\/div>\n\t\t\t\t<\/div>\r\n\t\t\t\t\t<\/div>\r\n\t\t\t\t<\/div>\r\n\t\t<div class=\"elementor-element elementor-element-913d237 e-con-full e-flex e-con e-parent \" data-id=\"913d237\" data-element_type=\"container\" data-e-type=\"container\">\t\t<div class=\"elementor-element elementor-element-f00c1df elementor-widget elementor-widget-html\" data-id=\"f00c1df\" data-element_type=\"widget\" data-e-type=\"widget\" data-widget_type=\"html.default\">\n\t\t\t\t\t<iframe src=\"https:\/\/www.google.com\/maps\/embed?pb=!1m18!1m12!1m3!1d15677.000658398721!2d24.886004829862085!3d41.14211558261905!2m3!1f0!2f0!3f0!3m2!1i1024!2i768!4f13.1!3m3!1m2!1s0x14ac2d396c244827%3A0x18504b9212b0d404!2sP.%20Tsaldari%205%2C%20Xanthi%20671%2000!5e0!3m2!1sen!2sgr!4v1753953836732!5m2!1sen!2sgr\" width=\"100%\" height=\"550\" style=\"border:0;\" allowfullscreen=\"\" loading=\"lazy\" referrerpolicy=\"no-referrer-when-downgrade\"><\/iframe>\t\t\t\t<\/div>\n\t\t\t\t<\/div>\r\n\t\t\t\t<\/div>\n\t\t","protected":false},"excerpt":{"rendered":"<p>Avez-vous un projet en t\u00eate ? Contactez-nous en utilisant les coordonn\u00e9es ci-dessous ou remplissez le formulaire, et un membre de notre \u00e9quipe vous r\u00e9pondra sous peu. Si\u00e8ge social : P. Tsaldari 5, 671 00, Xanthi, Gr\u00e8ce Succursale : Karaiskaki 1, 652 01, Kavala, Gr\u00e8ce Email: info@omegayacht.com T\u00e9l\u00e9phones : +30 2541 306 751, +30 6940 977 [&hellip;]<\/p>\n","protected":false},"author":1,"featured_media":0,"parent":0,"menu_order":0,"comment_status":"closed","ping_status":"closed","template":"","meta":{"footnotes":""},"class_list":["post-25946","page","type-page","status-publish","hentry"],"_links":{"self":[{"href":"https:\/\/omegayacht.com\/fr\/wp-json\/wp\/v2\/pages\/25946","targetHints":{"allow":["GET"]}}],"collection":[{"href":"https:\/\/omegayacht.com\/fr\/wp-json\/wp\/v2\/pages"}],"about":[{"href":"https:\/\/omegayacht.com\/fr\/wp-json\/wp\/v2\/types\/page"}],"author":[{"embeddable":true,"href":"https:\/\/omegayacht.com\/fr\/wp-json\/wp\/v2\/users\/1"}],"replies":[{"embeddable":true,"href":"https:\/\/omegayacht.com\/fr\/wp-json\/wp\/v2\/comments?post=25946"}],"version-history":[{"count":10,"href":"https:\/\/omegayacht.com\/fr\/wp-json\/wp\/v2\/pages\/25946\/revisions"}],"predecessor-version":[{"id":26355,"href":"https:\/\/omegayacht.com\/fr\/wp-json\/wp\/v2\/pages\/25946\/revisions\/26355"}],"wp:attachment":[{"href":"https:\/\/omegayacht.com\/fr\/wp-json\/wp\/v2\/media?parent=25946"}],"curies":[{"name":"wp","href":"https:\/\/api.w.org\/{rel}","templated":true}]}}